{"id":12880,"date":"2016-03-14T00:13:23","date_gmt":"2016-03-14T00:13:23","guid":{"rendered":"https:\/\/www.exaltus.ca\/fr\/contactez-exaltus\/"},"modified":"2025-04-10T16:20:23","modified_gmt":"2025-04-10T20:20:23","slug":"contactez-exaltus","status":"publish","type":"page","link":"https:\/\/www.exaltus.ca\/fr\/contactez-exaltus\/","title":{"rendered":"Contactez Exaltus"},"content":{"rendered":"<div class=\"fusion-fullwidth fullwidth-box fusion-builder-row-1 has-pattern-background has-mask-background nonhundred-percent-fullwidth non-hundred-percent-height-scrolling fusion-equal-height-columns gradient-container-1\" style=\"--awb-border-sizes-top:0px;--awb-border-sizes-bottom:0px;--awb-border-sizes-left:0px;--awb-border-sizes-right:0px;--awb-border-radius-top-left:0px;--awb-border-radius-top-right:0px;--awb-border-radius-bottom-right:0px;--awb-border-radius-bottom-left:0px;--awb-padding-right:20%;--awb-padding-bottom:30px;--awb-padding-left:20%;--awb-flex-wrap:wrap;\" ><div class=\"fusion-builder-row fusion-row\"><div class=\"fusion-layout-column fusion_builder_column fusion-builder-column-0 fusion_builder_column_2_3 2_3 fusion-two-third fusion-column-first\" style=\"--awb-bg-size:cover;--awb-margin-bottom:0px;width:65.3333%; margin-right: 4%;\" data-scroll-devices=\"small-visibility,medium-visibility,large-visibility\"><div class=\"fusion-column-wrapper fusion-column-has-shadow fusion-flex-column-wrapper-legacy\"><div class=\"fusion-title title fusion-title-1 fusion-sep-none fusion-title-text fusion-title-size-one\" style=\"--awb-margin-top:30px;--awb-margin-bottom:30px;--awb-margin-top-small:10px;--awb-margin-right-small:0px;--awb-margin-bottom-small:10px;--awb-margin-left-small:0px;\"><h1 class=\"fusion-title-heading title-heading-left\" style=\"margin:0;\">Cr\u00e9ons ensemble votre histoire visuelle<\/h1><\/div><div class=\"fusion-text fusion-text-1\"><p><span style=\"font-size: 1.3em;\">Contactez-nous d\u00e8s aujourd&#8217;hui pour commencer \u00e0 transformer vos id\u00e9es en histoires visuelles convaincantes.<\/span><\/p>\n<\/div><div class=\"fusion-text fusion-text-2\"><p><span style=\"font-size: .8em;\">Tous les champs sont obligatoires.<\/span><\/p>\n<hr \/>\n\n<div class=\"wpcf7 no-js\" id=\"wpcf7-f13096-o1\" lang=\"en-US\" dir=\"ltr\" data-wpcf7-id=\"13096\">\n<div class=\"screen-reader-response\"><p role=\"status\" aria-live=\"polite\" aria-atomic=\"true\"><\/p> <ul><\/ul><\/div>\n<form action=\"\/fr\/wp-json\/wp\/v2\/pages\/12880#wpcf7-f13096-o1\" method=\"post\" class=\"wpcf7-form init\" aria-label=\"Contact form\" novalidate=\"novalidate\" data-status=\"init\">\n<fieldset class=\"hidden-fields-container\"><input type=\"hidden\" name=\"_wpcf7\" value=\"13096\" \/><input type=\"hidden\" name=\"_wpcf7_version\" value=\"6.1.5\" \/><input type=\"hidden\" name=\"_wpcf7_locale\" value=\"en_US\" \/><input type=\"hidden\" name=\"_wpcf7_unit_tag\" value=\"wpcf7-f13096-o1\" \/><input type=\"hidden\" name=\"_wpcf7_container_post\" value=\"0\" \/><input type=\"hidden\" name=\"_wpcf7_posted_data_hash\" value=\"\" \/><input type=\"hidden\" name=\"_wpcf7_recaptcha_response\" value=\"\" \/>\n<\/fieldset>\n<p>Votre nom*\n<\/p>\n<p><span class=\"wpcf7-form-control-wrap\" data-name=\"your-name\"><input size=\"40\" maxlength=\"400\" class=\"wpcf7-form-control wpcf7-text wpcf7-validates-as-required\" aria-required=\"true\" aria-invalid=\"false\" value=\"\" type=\"text\" name=\"your-name\" \/><\/span>\n<\/p>\n<p>Courriel*\n<\/p>\n<p><span class=\"wpcf7-form-control-wrap\" data-name=\"your-email\"><input size=\"40\" maxlength=\"400\" class=\"wpcf7-form-control wpcf7-email wpcf7-validates-as-required wpcf7-text wpcf7-validates-as-email\" aria-required=\"true\" aria-invalid=\"false\" value=\"\" type=\"email\" name=\"your-email\" \/><\/span>\n<\/p>\n<p>Sujet\n<\/p>\n<p><span class=\"wpcf7-form-control-wrap\" data-name=\"your-subject\"><input size=\"40\" maxlength=\"400\" class=\"wpcf7-form-control wpcf7-text\" aria-invalid=\"false\" value=\"\" type=\"text\" name=\"your-subject\" \/><\/span>\n<\/p>\n<p>Message\n<\/p>\n<p><span class=\"wpcf7-form-control-wrap\" data-name=\"your-message\"><textarea cols=\"40\" rows=\"10\" maxlength=\"2000\" class=\"wpcf7-form-control wpcf7-textarea\" aria-invalid=\"false\" name=\"your-message\"><\/textarea><\/span>\n<\/p>\n\n<p><input class=\"wpcf7-form-control wpcf7-submit has-spinner\" type=\"submit\" value=\"Soumettre\" \/>\n<\/p><p style=\"display: none !important;\" class=\"akismet-fields-container\" data-prefix=\"_wpcf7_ak_\"><label>&#916;<textarea name=\"_wpcf7_ak_hp_textarea\" cols=\"45\" rows=\"8\" maxlength=\"100\"><\/textarea><\/label><input type=\"hidden\" id=\"ak_js_1\" name=\"_wpcf7_ak_js\" value=\"211\"\/><script>document.getElementById( \"ak_js_1\" ).setAttribute( \"value\", ( new Date() ).getTime() );<\/script><\/p><div class=\"fusion-alert alert custom alert-custom fusion-alert-center wpcf7-response-output fusion-alert-capitalize awb-alert-native-link-color alert-dismissable awb-alert-close-boxed\" style=\"--awb-border-top-left-radius:0px;--awb-border-top-right-radius:0px;--awb-border-bottom-left-radius:0px;--awb-border-bottom-right-radius:0px;\" role=\"alert\"><div class=\"fusion-alert-content-wrapper\"><span class=\"fusion-alert-content\"><\/span><\/div><button type=\"button\" class=\"close toggle-alert\" data-dismiss=\"alert\" aria-label=\"Close\">&times;<\/button><\/div>\n<\/form>\n<\/div>\n\n<\/div><div class=\"fusion-clearfix\"><\/div><\/div><\/div><div class=\"fusion-layout-column fusion_builder_column fusion-builder-column-1 fusion_builder_column_1_3 1_3 fusion-one-third fusion-column-last\" style=\"--awb-padding-left:6%;--awb-bg-size:cover;--awb-border-color:var(--awb-color4);--awb-border-left:3px;--awb-border-style:solid;--awb-margin-bottom:0px;width:30.6666%;\" data-scroll-devices=\"small-visibility,medium-visibility,large-visibility\"><div class=\"fusion-column-wrapper fusion-column-has-shadow fusion-flex-column-wrapper-legacy\"><div class=\"fusion-text fusion-text-3 fusion-text-no-margin\" style=\"--awb-margin-bottom:10px;\"><h3><span class=\"notion-enable-hover\" data-token-index=\"0\">Pourquoi choisir Exaltus ?<\/span><!-- notionvc: 0ca02037-b07b-43fe-9403-7cec84fbdffa --><\/h3>\n<p>Chez Exaltus, nous sommes sp\u00e9cialis\u00e9s dans la transformation d&#8217;id\u00e9es complexes en histoires visuelles percutantes. Que vous ayez besoin d&#8217;une seule ressource ou d&#8217;une suite compl\u00e8te, nous adapterons notre approche \u00e0 vos objectifs. Donnons vie \u00e0 votre histoire.<\/p>\n<\/div><div class=\"fusion-title title fusion-title-2 fusion-sep-none fusion-title-text fusion-title-size-three\" style=\"--awb-margin-top:50px;--awb-margin-bottom:10px;--awb-margin-top-small:10px;--awb-margin-right-small:0px;--awb-margin-bottom-small:10px;--awb-margin-left-small:0px;\"><h3 class=\"fusion-title-heading title-heading-left\" style=\"margin:0;\">Critiques d&#8217;Exaltus sur Clutch.co<\/h3><\/div><script type=\"text\/javascript\" src=\"https:\/\/widget.clutch.co\/static\/js\/widget.js\"><\/script><\/p>\n<div class=\"clutch-widget\" style=\"margin-bottom: 30px;\" data-nofollow=\"true\" data-url=\"https:\/\/widget.clutch.co\" data-widget-type=\"3\" data-height=\"400\" data-clutchcompany-id=\"664691\"><\/div>\n<div class=\"fusion-title title fusion-title-3 fusion-sep-none fusion-title-text fusion-title-size-three\" style=\"--awb-margin-top:50px;--awb-margin-bottom:10px;--awb-margin-top-small:10px;--awb-margin-right-small:0px;--awb-margin-bottom-small:10px;--awb-margin-left-small:0px;\"><h3 class=\"fusion-title-heading title-heading-left\" style=\"margin:0;\">Acteurs vocaux:<\/h3><\/div><div class=\"fusion-text fusion-text-4\"><p>Nous sommes toujours \u00e0 la recherche de nouveaux talents vocaux pour r\u00e9pondre aux besoins de nos clients. Soumettez vos bobines audio <a href=\"https:\/\/decorous-name-97f.notion.site\/1345c8518aa88079a9c6e453ac93fe00\" target=\"_blank\" rel=\"noopener\">ici<\/a>.<\/p>\n<\/div><div class=\"fusion-clearfix\"><\/div><\/div><\/div><\/div><\/div>\n","protected":false},"excerpt":{"rendered":"","protected":false},"author":1,"featured_media":0,"parent":0,"menu_order":76,"comment_status":"open","ping_status":"open","template":"","meta":{"_acf_changed":false,"om_disable_all_campaigns":false,"footnotes":""},"class_list":["post-12880","page","type-page","status-publish","hentry"],"acf":[],"yoast_head":"<!-- This site is optimized with the Yoast SEO Premium plugin v27.3 (Yoast SEO v27.4) - https:\/\/yoast.com\/product\/yoast-seo-premium-wordpress\/ -->\n<title>Contactez Exaltus<\/title>\n<meta name=\"description\" content=\"Vous souhaitez vous renseigner sur nos services ou demander une proposition? Remplissez le formulaire ci-dessous et nous vous r\u00e9pondrons dans les plus brefs d\u00e9lais.\" \/>\n<meta name=\"robots\" content=\"index, follow, max-snippet:-1, max-image-preview:large, max-video-preview:-1\" \/>\n<link rel=\"canonical\" href=\"https:\/\/www.exaltus.ca\/fr\/contactez-exaltus\/\" \/>\n<meta property=\"og:locale\" content=\"fr_FR\" \/>\n<meta property=\"og:type\" content=\"article\" \/>\n<meta property=\"og:title\" content=\"Contactez Exaltus\" \/>\n<meta property=\"og:description\" content=\"Vous souhaitez vous renseigner sur nos services ou demander une proposition? Remplissez le formulaire ci-dessous et nous vous r\u00e9pondrons dans les plus brefs d\u00e9lais.\" \/>\n<meta property=\"og:url\" content=\"https:\/\/www.exaltus.ca\/fr\/contactez-exaltus\/\" \/>\n<meta property=\"og:site_name\" content=\"Exaltus\" \/>\n<meta property=\"article:publisher\" content=\"https:\/\/www.facebook.com\/Exaltus\/\" \/>\n<meta property=\"article:modified_time\" content=\"2025-04-10T20:20:23+00:00\" \/>\n<meta name=\"twitter:card\" content=\"summary_large_image\" \/>\n<meta name=\"twitter:site\" content=\"@calalouf\" \/>\n<meta name=\"twitter:label1\" content=\"Est. reading time\" \/>\n\t<meta name=\"twitter:data1\" content=\"1 minute\" \/>\n<script type=\"application\/ld+json\" class=\"yoast-schema-graph\">{\"@context\":\"https:\\\/\\\/schema.org\",\"@graph\":[{\"@type\":\"WebPage\",\"@id\":\"https:\\\/\\\/www.exaltus.ca\\\/fr\\\/contactez-exaltus\\\/\",\"url\":\"https:\\\/\\\/www.exaltus.ca\\\/fr\\\/contactez-exaltus\\\/\",\"name\":\"Contactez Exaltus\",\"isPartOf\":{\"@id\":\"https:\\\/\\\/www.exaltus.ca\\\/#website\"},\"datePublished\":\"2016-03-14T00:13:23+00:00\",\"dateModified\":\"2025-04-10T20:20:23+00:00\",\"description\":\"Vous souhaitez vous renseigner sur nos services ou demander une proposition? Remplissez le formulaire ci-dessous et nous vous r\u00e9pondrons dans les plus brefs d\u00e9lais.\",\"breadcrumb\":{\"@id\":\"https:\\\/\\\/www.exaltus.ca\\\/fr\\\/contactez-exaltus\\\/#breadcrumb\"},\"inLanguage\":\"fr\",\"potentialAction\":[{\"@type\":\"ReadAction\",\"target\":[\"https:\\\/\\\/www.exaltus.ca\\\/fr\\\/contactez-exaltus\\\/\"]}]},{\"@type\":\"BreadcrumbList\",\"@id\":\"https:\\\/\\\/www.exaltus.ca\\\/fr\\\/contactez-exaltus\\\/#breadcrumb\",\"itemListElement\":[{\"@type\":\"ListItem\",\"position\":1,\"name\":\"Home\",\"item\":\"https:\\\/\\\/www.exaltus.ca\\\/fr\\\/histoires-visuelles\\\/\"},{\"@type\":\"ListItem\",\"position\":2,\"name\":\"Contactez Exaltus\"}]},{\"@type\":\"WebSite\",\"@id\":\"https:\\\/\\\/www.exaltus.ca\\\/#website\",\"url\":\"https:\\\/\\\/www.exaltus.ca\\\/\",\"name\":\"Exaltus\",\"description\":\"Solutions for Growth\",\"publisher\":{\"@id\":\"https:\\\/\\\/www.exaltus.ca\\\/#organization\"},\"potentialAction\":[{\"@type\":\"SearchAction\",\"target\":{\"@type\":\"EntryPoint\",\"urlTemplate\":\"https:\\\/\\\/www.exaltus.ca\\\/?s={search_term_string}\"},\"query-input\":{\"@type\":\"PropertyValueSpecification\",\"valueRequired\":true,\"valueName\":\"search_term_string\"}}],\"inLanguage\":\"fr\"},{\"@type\":\"Organization\",\"@id\":\"https:\\\/\\\/www.exaltus.ca\\\/#organization\",\"name\":\"Exaltus\",\"url\":\"https:\\\/\\\/www.exaltus.ca\\\/\",\"logo\":{\"@type\":\"ImageObject\",\"inLanguage\":\"fr\",\"@id\":\"https:\\\/\\\/www.exaltus.ca\\\/#\\\/schema\\\/logo\\\/image\\\/\",\"url\":\"https:\\\/\\\/www.exaltus.ca\\\/wp-content\\\/uploads\\\/2019\\\/02\\\/exaltuslogo-new_128.png\",\"contentUrl\":\"https:\\\/\\\/www.exaltus.ca\\\/wp-content\\\/uploads\\\/2019\\\/02\\\/exaltuslogo-new_128.png\",\"width\":257,\"height\":129,\"caption\":\"Exaltus\"},\"image\":{\"@id\":\"https:\\\/\\\/www.exaltus.ca\\\/#\\\/schema\\\/logo\\\/image\\\/\"},\"sameAs\":[\"https:\\\/\\\/www.facebook.com\\\/Exaltus\\\/\",\"https:\\\/\\\/x.com\\\/calalouf\",\"https:\\\/\\\/www.linkedin.com\\\/in\\\/carolealalouf\\\/\",\"https:\\\/\\\/www.pinterest.com\\\/exaltusca\\\/\",\"https:\\\/\\\/www.youtube.com\\\/channel\\\/UCQdXjretJe4Phe3ApnSEK7Q\"]}]}<\/script>\n<!-- \/ Yoast SEO Premium plugin. -->","yoast_head_json":{"title":"Contactez Exaltus","description":"Vous souhaitez vous renseigner sur nos services ou demander une proposition? Remplissez le formulaire ci-dessous et nous vous r\u00e9pondrons dans les plus brefs d\u00e9lais.","robots":{"index":"index","follow":"follow","max-snippet":"max-snippet:-1","max-image-preview":"max-image-preview:large","max-video-preview":"max-video-preview:-1"},"canonical":"https:\/\/www.exaltus.ca\/fr\/contactez-exaltus\/","og_locale":"fr_FR","og_type":"article","og_title":"Contactez Exaltus","og_description":"Vous souhaitez vous renseigner sur nos services ou demander une proposition? Remplissez le formulaire ci-dessous et nous vous r\u00e9pondrons dans les plus brefs d\u00e9lais.","og_url":"https:\/\/www.exaltus.ca\/fr\/contactez-exaltus\/","og_site_name":"Exaltus","article_publisher":"https:\/\/www.facebook.com\/Exaltus\/","article_modified_time":"2025-04-10T20:20:23+00:00","twitter_card":"summary_large_image","twitter_site":"@calalouf","twitter_misc":{"Est. reading time":"1 minute"},"schema":{"@context":"https:\/\/schema.org","@graph":[{"@type":"WebPage","@id":"https:\/\/www.exaltus.ca\/fr\/contactez-exaltus\/","url":"https:\/\/www.exaltus.ca\/fr\/contactez-exaltus\/","name":"Contactez Exaltus","isPartOf":{"@id":"https:\/\/www.exaltus.ca\/#website"},"datePublished":"2016-03-14T00:13:23+00:00","dateModified":"2025-04-10T20:20:23+00:00","description":"Vous souhaitez vous renseigner sur nos services ou demander une proposition? Remplissez le formulaire ci-dessous et nous vous r\u00e9pondrons dans les plus brefs d\u00e9lais.","breadcrumb":{"@id":"https:\/\/www.exaltus.ca\/fr\/contactez-exaltus\/#breadcrumb"},"inLanguage":"fr","potentialAction":[{"@type":"ReadAction","target":["https:\/\/www.exaltus.ca\/fr\/contactez-exaltus\/"]}]},{"@type":"BreadcrumbList","@id":"https:\/\/www.exaltus.ca\/fr\/contactez-exaltus\/#breadcrumb","itemListElement":[{"@type":"ListItem","position":1,"name":"Home","item":"https:\/\/www.exaltus.ca\/fr\/histoires-visuelles\/"},{"@type":"ListItem","position":2,"name":"Contactez Exaltus"}]},{"@type":"WebSite","@id":"https:\/\/www.exaltus.ca\/#website","url":"https:\/\/www.exaltus.ca\/","name":"Exaltus","description":"Solutions for Growth","publisher":{"@id":"https:\/\/www.exaltus.ca\/#organization"},"potentialAction":[{"@type":"SearchAction","target":{"@type":"EntryPoint","urlTemplate":"https:\/\/www.exaltus.ca\/?s={search_term_string}"},"query-input":{"@type":"PropertyValueSpecification","valueRequired":true,"valueName":"search_term_string"}}],"inLanguage":"fr"},{"@type":"Organization","@id":"https:\/\/www.exaltus.ca\/#organization","name":"Exaltus","url":"https:\/\/www.exaltus.ca\/","logo":{"@type":"ImageObject","inLanguage":"fr","@id":"https:\/\/www.exaltus.ca\/#\/schema\/logo\/image\/","url":"https:\/\/www.exaltus.ca\/wp-content\/uploads\/2019\/02\/exaltuslogo-new_128.png","contentUrl":"https:\/\/www.exaltus.ca\/wp-content\/uploads\/2019\/02\/exaltuslogo-new_128.png","width":257,"height":129,"caption":"Exaltus"},"image":{"@id":"https:\/\/www.exaltus.ca\/#\/schema\/logo\/image\/"},"sameAs":["https:\/\/www.facebook.com\/Exaltus\/","https:\/\/x.com\/calalouf","https:\/\/www.linkedin.com\/in\/carolealalouf\/","https:\/\/www.pinterest.com\/exaltusca\/","https:\/\/www.youtube.com\/channel\/UCQdXjretJe4Phe3ApnSEK7Q"]}]}},"jetpack_sharing_enabled":true,"_links":{"self":[{"href":"https:\/\/www.exaltus.ca\/fr\/wp-json\/wp\/v2\/pages\/12880","targetHints":{"allow":["GET"]}}],"collection":[{"href":"https:\/\/www.exaltus.ca\/fr\/wp-json\/wp\/v2\/pages"}],"about":[{"href":"https:\/\/www.exaltus.ca\/fr\/wp-json\/wp\/v2\/types\/page"}],"author":[{"embeddable":true,"href":"https:\/\/www.exaltus.ca\/fr\/wp-json\/wp\/v2\/users\/1"}],"replies":[{"embeddable":true,"href":"https:\/\/www.exaltus.ca\/fr\/wp-json\/wp\/v2\/comments?post=12880"}],"version-history":[{"count":0,"href":"https:\/\/www.exaltus.ca\/fr\/wp-json\/wp\/v2\/pages\/12880\/revisions"}],"wp:attachment":[{"href":"https:\/\/www.exaltus.ca\/fr\/wp-json\/wp\/v2\/media?parent=12880"}],"curies":[{"name":"wp","href":"https:\/\/api.w.org\/{rel}","templated":true}]}}