{"id":16667,"date":"2019-01-27T17:49:08","date_gmt":"2019-01-27T21:49:08","guid":{"rendered":"https:\/\/www.exaltus.ca\/?page_id=16667"},"modified":"2019-03-06T22:33:14","modified_gmt":"2019-03-07T02:33:14","slug":"abonnez-vous","status":"publish","type":"page","link":"https:\/\/www.exaltus.ca\/fr\/abonnez-vous\/","title":{"rendered":"Abonnez-Vous"},"content":{"rendered":"<p><div class=\"fusion-fullwidth fullwidth-box fusion-builder-row-1 nonhundred-percent-fullwidth non-hundred-percent-height-scrolling gradient-container-1\" style=\"--awb-border-radius-top-left:0px;--awb-border-radius-top-right:0px;--awb-border-radius-bottom-right:0px;--awb-border-radius-bottom-left:0px;--awb-padding-top:20px;--awb-padding-right:100px;--awb-padding-bottom:20px;--awb-padding-left:100px;--awb-flex-wrap:wrap;\" ><div class=\"fusion-builder-row fusion-row\"><div class=\"fusion-layout-column fusion_builder_column fusion-builder-column-0 fusion_builder_column_2_3 2_3 fusion-two-third fusion-column-first\" style=\"--awb-padding-left:20px;--awb-bg-size:cover;width:66.666666666667%;width:calc(66.666666666667% - ( ( 10% ) * 0.66666666666667 ) );margin-right: 10%;\"><div class=\"fusion-column-wrapper fusion-flex-column-wrapper-legacy\"><div class=\"fusion-text fusion-text-1\"><h1>Abonnez-vous au bulletin d&#8217;Exaltus<\/h1>\n<\/div><div class=\"fusion-text fusion-text-2\"><h2 style=\"line-height: 1.2; margin-bottom: 20px;\">Recevez mes meilleurs conseils marketing, dans votre boite de reception<\/h2>\n<p style=\"line-height: 1.2; margin-bottom: 20px;\"><span style=\"color: #333333;\">Aimeriez vous recevoir des indices marketing gratuits \u00e0 chaque mois pour vous aider \u00e0 communiquer votre message et faire cro\u00eetre votre entreprise? Voil\u00e0 ce \u00e0 quoi vous pouvez vous attendre lorsque vous vous abonnez \u00e0 mon bulletin.<\/span><\/p>\n<p>Je n&#8217;envahirai pas votre boite de r\u00e9ception avec des b\u00eatises. Je fais mes recherches avant d&#8217;\u00e9crire chaque billet de blogue, pour \u00eatre s\u00fbre de vous livrez la marchandise. Mon b\u00fbt pour chaque billet est de vous offrir d&#8217;excellentes id\u00e9es sur lesquelles vous pourrez imm\u00e9diatement agir.<\/p>\n<\/div><div class=\"fusion-text fusion-text-3\"><p>\u00cates-vous pr\u00eats? Abonnez-vous! \u00c0 bient\u00f4t! \ud83d\ude42<\/p>\n<p>Carole\u00a0<div class=\"fusion-social-links fusion-social-links-1\" style=\"--awb-margin-top:0px;--awb-margin-right:0px;--awb-margin-bottom:0px;--awb-margin-left:0px;--awb-box-border-top:0px;--awb-box-border-right:0px;--awb-box-border-bottom:0px;--awb-box-border-left:0px;--awb-icon-colors-hover:rgba(190,189,189,0.8);--awb-box-colors-hover:rgba(232,232,232,0.8);--awb-box-border-color:var(--awb-color3);--awb-box-border-color-hover:var(--awb-color4);\"><div class=\"fusion-social-networks color-type-custom\"><div class=\"fusion-social-networks-wrapper\"><a class=\"fusion-social-network-icon fusion-tooltip fusion-twitter awb-icon-twitter\" style=\"color:#bebdbd;font-size:16px;\" data-placement=\"top\" data-title=\"X\" data-toggle=\"tooltip\" title=\"X\" aria-label=\"twitter\" target=\"_blank\" rel=\"noopener noreferrer\" href=\"https:\/\/twitter.com\/calalouf\"><\/a><a class=\"fusion-social-network-icon fusion-tooltip fusion-facebook awb-icon-facebook\" style=\"color:#bebdbd;font-size:16px;\" data-placement=\"top\" data-title=\"Facebook\" data-toggle=\"tooltip\" title=\"Facebook\" aria-label=\"facebook\" target=\"_blank\" rel=\"noopener noreferrer\" href=\"https:\/\/www.facebook.com\/Exaltus\"><\/a><a class=\"fusion-social-network-icon fusion-tooltip fusion-pinterest awb-icon-pinterest\" style=\"color:#bebdbd;font-size:16px;\" data-placement=\"top\" data-title=\"Pinterest\" data-toggle=\"tooltip\" title=\"Pinterest\" aria-label=\"pinterest\" target=\"_blank\" rel=\"noopener noreferrer\" href=\"https:\/\/www.pinterest.com\/exaltusca\"><\/a><a class=\"fusion-social-network-icon fusion-tooltip fusion-linkedin awb-icon-linkedin\" style=\"color:#bebdbd;font-size:16px;\" data-placement=\"top\" data-title=\"LinkedIn\" data-toggle=\"tooltip\" title=\"LinkedIn\" aria-label=\"linkedin\" target=\"_blank\" rel=\"noopener noreferrer\" href=\"https:\/\/ca.linkedin.com\/in\/carole-alalouf-399b635\"><\/a><a class=\"fusion-social-network-icon fusion-tooltip fusion-youtube awb-icon-youtube\" style=\"color:#bebdbd;font-size:16px;\" data-placement=\"top\" data-title=\"YouTube\" data-toggle=\"tooltip\" title=\"YouTube\" aria-label=\"youtube\" target=\"_blank\" rel=\"noopener noreferrer\" href=\"https:\/\/www.youtube.com\/channel\/UCQdXjretJe4Phe3ApnSEK7Q\"><\/a><a class=\"fusion-social-network-icon fusion-tooltip fusion-rss awb-icon-rss\" style=\"color:#bebdbd;font-size:16px;\" data-placement=\"top\" data-title=\"Rss\" data-toggle=\"tooltip\" title=\"Rss\" aria-label=\"rss\" target=\"_blank\" rel=\"noopener noreferrer\" href=\"https:\/\/www.exaltus.ca\/feed\"><\/a><\/div><\/div><\/div><\/p>\n<\/div><div class=\"fusion-clearfix\"><\/div><\/div><\/div><div class=\"fusion-layout-column fusion_builder_column fusion-builder-column-1 fusion_builder_column_1_3 1_3 fusion-one-third fusion-column-last\" style=\"--awb-padding-bottom:30px;--awb-bg-size:cover;width:33.333333333333%;width:calc(33.333333333333% - ( ( 10% ) * 0.33333333333333 ) );\"><div class=\"fusion-column-wrapper fusion-flex-column-wrapper-legacy\"><div class=\"fusion-text fusion-text-4\"><p><section id=\"text-7\" class=\"widget widget_text amr_widget\">\t\t\t<div class=\"textwidget\"><div style=\"min-height: 1000px;\">\r\n\r\n<div class=\"fusion-image-element fusion-image-align-center in-legacy-container\" style=\"text-align:center;--awb-caption-title-font-family:var(--h2_typography-font-family);--awb-caption-title-font-weight:var(--h2_typography-font-weight);--awb-caption-title-font-style:var(--h2_typography-font-style);--awb-caption-title-size:var(--h2_typography-font-size);--awb-caption-title-transform:var(--h2_typography-text-transform);--awb-caption-title-line-height:var(--h2_typography-line-height);--awb-caption-title-letter-spacing:var(--h2_typography-letter-spacing);\"><div class=\"imageframe-align-center\"><span class=\" fusion-imageframe imageframe-dropshadow imageframe-1 hover-type-zoomin\" style=\"border:10px solid #ffffff;border-radius:50%;-webkit-box-shadow: 3px 3px 7px rgba(0,0,0,0.3);box-shadow: 3px 3px 7px rgba(0,0,0,0.3);\"><img decoding=\"async\" width=\"150\" height=\"150\" title=\"Carole-headshot-250\" src=\"https:\/\/www.exaltus.ca\/wp-content\/uploads\/2017\/01\/Carole-headshot-250-150x150.jpg\" alt class=\"img-responsive wp-image-16669\" srcset=\"https:\/\/www.exaltus.ca\/wp-content\/uploads\/2017\/01\/Carole-headshot-250-200x200.jpg 200w, https:\/\/www.exaltus.ca\/wp-content\/uploads\/2017\/01\/Carole-headshot-250.jpg 250w\" sizes=\"(max-width: 600px) 100vw, 150px\" \/><\/span><\/div><\/div><div class=\"fusion-sep-clear\"><\/div><div class=\"fusion-separator fusion-full-width-sep\" style=\"margin-left: auto;margin-right: auto;margin-top:-60px;margin-bottom:0px;width:100%;\"><\/div><div class=\"fusion-sep-clear\"><\/div>\r\n<script>(function() {\n\twindow.mc4wp = window.mc4wp || {\n\t\tlisteners: [],\n\t\tforms: {\n\t\t\ton: function(evt, cb) {\n\t\t\t\twindow.mc4wp.listeners.push(\n\t\t\t\t\t{\n\t\t\t\t\t\tevent   : evt,\n\t\t\t\t\t\tcallback: cb\n\t\t\t\t\t}\n\t\t\t\t);\n\t\t\t}\n\t\t}\n\t}\n})();\n<\/script><!-- Mailchimp for WordPress v4.12.2 - https:\/\/wordpress.org\/plugins\/mailchimp-for-wp\/ --><form id=\"mc4wp-form-1\" class=\"mc4wp-form mc4wp-form-17086 mc4wp-ajax\" method=\"post\" data-id=\"17086\" data-name=\"Email About Page Signup French\" ><div class=\"mc4wp-form-fields\"><div style=\"border: 1px; background-color: #7f7f7f; padding-top: 55px; padding-left:10px; padding-right:10px; margin-bottom: 0px; height: 400px;\">\r\n<p style=\"font-size:18px;text-align:center;  color:#fff;margin-bottom:20px;\">ABONNEZ-VOUS<\/p>\r\n<p style=\"font-size:12px;text-align:center;  padding-left: 20px; padding-right: 20px; color:#fff;  font-family: \" varela=\"\" round\",=\"\" margin-bottom:20px;>Abonnez-vous pour recevoir des conseils <BR>marketing utiles deux ou trois fois par mois.<\/p>\r\n\t<label style=\"color:#ffffff;\" >Courriel*: <\/label>\r\n\t<input type=\"email\" name=\"EMAIL\" placeholder=\"Adresse courriel\" required \/>\r\n<\/p>\r\n<p>\r\n    <label  style=\"color:#ffffff;\">Pr\u00e9nom*<\/label>\r\n    <input type=\"text\" name=\"FNAME\" placeholder=\"Votre pr\u00e9nom\" required>\r\n<\/p>\r\n\r\n<p>\r\n\t<input type=\"submit\" value=\"Abonnez-vous!\" \/>\r\n<\/p>\r\n                                        <\/div>\r\n<script type=\"text\/javascript\">\r\nmc4wp.forms.on('subscribed', function(form) {\r\n\t\/\/ gtag.js\r\n\tgtag('event', 'Sign-up', {'event_category': 'signup', 'event_label': form.name + ' ID: ' + form.id});\r\n});\r\n<\/script><\/div><label style=\"display: none !important;\">Leave this field empty if you're human: <input type=\"text\" name=\"_mc4wp_honeypot\" value=\"\" tabindex=\"-1\" autocomplete=\"off\" \/><\/label><input type=\"hidden\" name=\"_mc4wp_timestamp\" value=\"1776969178\" \/><input type=\"hidden\" name=\"_mc4wp_form_id\" value=\"17086\" \/><input type=\"hidden\" name=\"_mc4wp_form_element_id\" value=\"mc4wp-form-1\" \/><div class=\"mc4wp-response\"><\/div><\/form><!-- \/ Mailchimp for WordPress Plugin -->\r\n\r\n<\/div><\/div>\n\t\t<\/section><div class=\"fusion-fullwidth fullwidth-box fusion-builder-row-1-1 nonhundred-percent-fullwidth non-hundred-percent-height-scrolling gradient-container-2\" style=\"--awb-border-radius-top-left:0px;--awb-border-radius-top-right:0px;--awb-border-radius-bottom-right:0px;--awb-border-radius-bottom-left:0px;--awb-flex-wrap:wrap;\" ><\/div><div class=\"fusion-builder-row fusion-row\"><\/div><\/p>\n<\/div><div class=\"fusion-clearfix\"><\/div><\/div><\/div><\/div><\/div><div class=\"fusion-fullwidth fullwidth-box fusion-builder-row-2 nonhundred-percent-fullwidth non-hundred-percent-height-scrolling gradient-container-3\" style=\"--awb-border-radius-top-left:0px;--awb-border-radius-top-right:0px;--awb-border-radius-bottom-right:0px;--awb-border-radius-bottom-left:0px;--awb-flex-wrap:wrap;\" ><div class=\"fusion-builder-row fusion-row\"><div class=\"fusion-layout-column fusion_builder_column fusion-builder-column-2 fusion_builder_column_1_1 1_1 fusion-one-full fusion-column-first fusion-column-last\" style=\"--awb-bg-size:cover;--awb-margin-bottom:0px;\"><div class=\"fusion-column-wrapper fusion-flex-column-wrapper-legacy\"><div class=\"fusion-text fusion-text-5\"><p><div class=\"fusion-fullwidth fullwidth-box fusion-builder-row-2-1 nonhundred-percent-fullwidth non-hundred-percent-height-scrolling gradient-container-4\" style=\"--awb-border-radius-top-left:0px;--awb-border-radius-top-right:0px;--awb-border-radius-bottom-right:0px;--awb-border-radius-bottom-left:0px;--awb-padding-top:20px;--awb-padding-right:40px;--awb-padding-bottom:0px;--awb-padding-left:40px;--awb-margin-bottom:0px;--awb-background-color:#3c4958;--awb-flex-wrap:wrap;\" ><\/div>\n<div class=\"fusion-builder-row fusion-row\"><\/div><div class=\"fusion-layout-column fusion_builder_column fusion-builder-column-3 fusion_builder_column_1_1 1_1 fusion-one-full fusion-column-first fusion-column-last\" style=\"--awb-padding-top:60px;--awb-padding-bottom:70px;--awb-bg-size:cover;--awb-margin-bottom:0px;\"><div class=\"fusion-column-wrapper fusion-flex-column-wrapper-legacy\"><div class=\"fusion-clearfix\"><\/div><\/div><\/div><div class=\"fusion-text fusion-text-5\"><\/div><\/p>\n<h3 style=\"text-align: center;\"><span style=\"color: #66cccc;\">Have a few minutes? Let&#8217;s connect!<\/span><\/h3>\n<\/div><div class=\"aligncenter\"><div class=\"fusion-social-links fusion-social-links-2\" style=\"--awb-margin-top:0px;--awb-margin-right:0px;--awb-margin-bottom:0px;--awb-margin-left:0px;--awb-alignment:center;--awb-box-border-top:0px;--awb-box-border-right:0px;--awb-box-border-bottom:0px;--awb-box-border-left:0px;--awb-icon-colors-hover:rgba(190,189,189,0.8);--awb-box-colors-hover:rgba(232,232,232,0.8);--awb-box-border-color:var(--awb-color3);--awb-box-border-color-hover:var(--awb-color4);\"><div class=\"fusion-social-networks color-type-custom\"><div class=\"fusion-social-networks-wrapper\"><a class=\"fusion-social-network-icon fusion-tooltip fusion-twitter awb-icon-twitter\" style=\"color:#bebdbd;font-size:16px;\" data-placement=\"top\" data-title=\"X\" data-toggle=\"tooltip\" title=\"X\" aria-label=\"twitter\" target=\"_blank\" rel=\"noopener noreferrer\" href=\"https:\/\/twitter.com\/calalouf\"><\/a><a class=\"fusion-social-network-icon fusion-tooltip fusion-facebook awb-icon-facebook\" style=\"color:#bebdbd;font-size:16px;\" data-placement=\"top\" data-title=\"Facebook\" data-toggle=\"tooltip\" title=\"Facebook\" aria-label=\"facebook\" target=\"_blank\" rel=\"noopener noreferrer\" href=\"https:\/\/www.facebook.com\/Exaltus\"><\/a><a class=\"fusion-social-network-icon fusion-tooltip fusion-pinterest awb-icon-pinterest\" style=\"color:#bebdbd;font-size:16px;\" data-placement=\"top\" data-title=\"Pinterest\" data-toggle=\"tooltip\" title=\"Pinterest\" aria-label=\"pinterest\" target=\"_blank\" rel=\"noopener noreferrer\" href=\"https:\/\/www.pinterest.com\/exaltusca\"><\/a><a class=\"fusion-social-network-icon fusion-tooltip fusion-linkedin awb-icon-linkedin\" style=\"color:#bebdbd;font-size:16px;\" data-placement=\"top\" data-title=\"LinkedIn\" data-toggle=\"tooltip\" title=\"LinkedIn\" aria-label=\"linkedin\" target=\"_blank\" rel=\"noopener noreferrer\" href=\"https:\/\/ca.linkedin.com\/in\/carole-alalouf-399b635\"><\/a><a class=\"fusion-social-network-icon fusion-tooltip fusion-youtube awb-icon-youtube\" style=\"color:#bebdbd;font-size:16px;\" data-placement=\"top\" data-title=\"YouTube\" data-toggle=\"tooltip\" title=\"YouTube\" aria-label=\"youtube\" target=\"_blank\" rel=\"noopener noreferrer\" href=\"https:\/\/www.youtube.com\/channel\/UCQdXjretJe4Phe3ApnSEK7Q\"><\/a><\/div><\/div><\/div><\/div><div class=\"fusion-clearfix\"><\/div><\/div><\/div><\/div><\/div><\/p>\n","protected":false},"excerpt":{"rendered":"","protected":false},"author":1,"featured_media":16671,"parent":0,"menu_order":34,"comment_status":"closed","ping_status":"closed","template":"","meta":{"_acf_changed":false,"om_disable_all_campaigns":false,"footnotes":""},"class_list":["post-16667","page","type-page","status-publish","has-post-thumbnail","hentry"],"acf":[],"yoast_head":"<!-- This site is optimized with the Yoast SEO Premium plugin v27.3 (Yoast SEO v27.4) - https:\/\/yoast.com\/product\/yoast-seo-premium-wordpress\/ -->\n<title>Abonnez-Vous - Exaltus<\/title>\n<meta name=\"robots\" content=\"index, follow, max-snippet:-1, max-image-preview:large, max-video-preview:-1\" \/>\n<link rel=\"canonical\" href=\"https:\/\/www.exaltus.ca\/fr\/abonnez-vous\/\" \/>\n<meta property=\"og:locale\" content=\"fr_FR\" \/>\n<meta property=\"og:type\" content=\"article\" \/>\n<meta property=\"og:title\" content=\"Abonnez-Vous\" \/>\n<meta property=\"og:url\" content=\"https:\/\/www.exaltus.ca\/fr\/abonnez-vous\/\" \/>\n<meta property=\"og:site_name\" content=\"Exaltus\" \/>\n<meta property=\"article:publisher\" content=\"https:\/\/www.facebook.com\/Exaltus\/\" \/>\n<meta property=\"article:modified_time\" content=\"2019-03-07T02:33:14+00:00\" \/>\n<meta property=\"og:image\" content=\"https:\/\/www.exaltus.ca\/wp-content\/uploads\/2018\/02\/TN-email-signup.png\" \/>\n\t<meta property=\"og:image:width\" content=\"800\" \/>\n\t<meta property=\"og:image:height\" content=\"600\" \/>\n\t<meta property=\"og:image:type\" content=\"image\/png\" \/>\n<meta name=\"twitter:card\" content=\"summary_large_image\" \/>\n<meta name=\"twitter:site\" content=\"@calalouf\" \/>\n<meta name=\"twitter:label1\" content=\"Est. reading time\" \/>\n\t<meta name=\"twitter:data1\" content=\"5 minutes\" \/>\n<script type=\"application\/ld+json\" class=\"yoast-schema-graph\">{\"@context\":\"https:\\\/\\\/schema.org\",\"@graph\":[{\"@type\":\"WebPage\",\"@id\":\"https:\\\/\\\/www.exaltus.ca\\\/fr\\\/abonnez-vous\\\/\",\"url\":\"https:\\\/\\\/www.exaltus.ca\\\/fr\\\/abonnez-vous\\\/\",\"name\":\"Abonnez-Vous - Exaltus\",\"isPartOf\":{\"@id\":\"https:\\\/\\\/www.exaltus.ca\\\/#website\"},\"primaryImageOfPage\":{\"@id\":\"https:\\\/\\\/www.exaltus.ca\\\/fr\\\/abonnez-vous\\\/#primaryimage\"},\"image\":{\"@id\":\"https:\\\/\\\/www.exaltus.ca\\\/fr\\\/abonnez-vous\\\/#primaryimage\"},\"thumbnailUrl\":\"https:\\\/\\\/www.exaltus.ca\\\/wp-content\\\/uploads\\\/2018\\\/02\\\/TN-email-signup.png\",\"datePublished\":\"2019-01-27T21:49:08+00:00\",\"dateModified\":\"2019-03-07T02:33:14+00:00\",\"breadcrumb\":{\"@id\":\"https:\\\/\\\/www.exaltus.ca\\\/fr\\\/abonnez-vous\\\/#breadcrumb\"},\"inLanguage\":\"fr\",\"potentialAction\":[{\"@type\":\"ReadAction\",\"target\":[\"https:\\\/\\\/www.exaltus.ca\\\/fr\\\/abonnez-vous\\\/\"]}]},{\"@type\":\"ImageObject\",\"inLanguage\":\"fr\",\"@id\":\"https:\\\/\\\/www.exaltus.ca\\\/fr\\\/abonnez-vous\\\/#primaryimage\",\"url\":\"https:\\\/\\\/www.exaltus.ca\\\/wp-content\\\/uploads\\\/2018\\\/02\\\/TN-email-signup.png\",\"contentUrl\":\"https:\\\/\\\/www.exaltus.ca\\\/wp-content\\\/uploads\\\/2018\\\/02\\\/TN-email-signup.png\",\"width\":800,\"height\":600,\"caption\":\"TN-email-signup\"},{\"@type\":\"BreadcrumbList\",\"@id\":\"https:\\\/\\\/www.exaltus.ca\\\/fr\\\/abonnez-vous\\\/#breadcrumb\",\"itemListElement\":[{\"@type\":\"ListItem\",\"position\":1,\"name\":\"Home\",\"item\":\"https:\\\/\\\/www.exaltus.ca\\\/fr\\\/histoires-visuelles\\\/\"},{\"@type\":\"ListItem\",\"position\":2,\"name\":\"Abonnez-Vous\"}]},{\"@type\":\"WebSite\",\"@id\":\"https:\\\/\\\/www.exaltus.ca\\\/#website\",\"url\":\"https:\\\/\\\/www.exaltus.ca\\\/\",\"name\":\"Exaltus\",\"description\":\"Solutions for Growth\",\"publisher\":{\"@id\":\"https:\\\/\\\/www.exaltus.ca\\\/#organization\"},\"potentialAction\":[{\"@type\":\"SearchAction\",\"target\":{\"@type\":\"EntryPoint\",\"urlTemplate\":\"https:\\\/\\\/www.exaltus.ca\\\/?s={search_term_string}\"},\"query-input\":{\"@type\":\"PropertyValueSpecification\",\"valueRequired\":true,\"valueName\":\"search_term_string\"}}],\"inLanguage\":\"fr\"},{\"@type\":\"Organization\",\"@id\":\"https:\\\/\\\/www.exaltus.ca\\\/#organization\",\"name\":\"Exaltus\",\"url\":\"https:\\\/\\\/www.exaltus.ca\\\/\",\"logo\":{\"@type\":\"ImageObject\",\"inLanguage\":\"fr\",\"@id\":\"https:\\\/\\\/www.exaltus.ca\\\/#\\\/schema\\\/logo\\\/image\\\/\",\"url\":\"https:\\\/\\\/www.exaltus.ca\\\/wp-content\\\/uploads\\\/2019\\\/02\\\/exaltuslogo-new_128.png\",\"contentUrl\":\"https:\\\/\\\/www.exaltus.ca\\\/wp-content\\\/uploads\\\/2019\\\/02\\\/exaltuslogo-new_128.png\",\"width\":257,\"height\":129,\"caption\":\"Exaltus\"},\"image\":{\"@id\":\"https:\\\/\\\/www.exaltus.ca\\\/#\\\/schema\\\/logo\\\/image\\\/\"},\"sameAs\":[\"https:\\\/\\\/www.facebook.com\\\/Exaltus\\\/\",\"https:\\\/\\\/x.com\\\/calalouf\",\"https:\\\/\\\/www.linkedin.com\\\/in\\\/carolealalouf\\\/\",\"https:\\\/\\\/www.pinterest.com\\\/exaltusca\\\/\",\"https:\\\/\\\/www.youtube.com\\\/channel\\\/UCQdXjretJe4Phe3ApnSEK7Q\"]}]}<\/script>\n<!-- \/ Yoast SEO Premium plugin. -->","yoast_head_json":{"title":"Abonnez-Vous - Exaltus","robots":{"index":"index","follow":"follow","max-snippet":"max-snippet:-1","max-image-preview":"max-image-preview:large","max-video-preview":"max-video-preview:-1"},"canonical":"https:\/\/www.exaltus.ca\/fr\/abonnez-vous\/","og_locale":"fr_FR","og_type":"article","og_title":"Abonnez-Vous","og_url":"https:\/\/www.exaltus.ca\/fr\/abonnez-vous\/","og_site_name":"Exaltus","article_publisher":"https:\/\/www.facebook.com\/Exaltus\/","article_modified_time":"2019-03-07T02:33:14+00:00","og_image":[{"width":800,"height":600,"url":"https:\/\/www.exaltus.ca\/wp-content\/uploads\/2018\/02\/TN-email-signup.png","type":"image\/png"}],"twitter_card":"summary_large_image","twitter_site":"@calalouf","twitter_misc":{"Est. reading time":"5 minutes"},"schema":{"@context":"https:\/\/schema.org","@graph":[{"@type":"WebPage","@id":"https:\/\/www.exaltus.ca\/fr\/abonnez-vous\/","url":"https:\/\/www.exaltus.ca\/fr\/abonnez-vous\/","name":"Abonnez-Vous - Exaltus","isPartOf":{"@id":"https:\/\/www.exaltus.ca\/#website"},"primaryImageOfPage":{"@id":"https:\/\/www.exaltus.ca\/fr\/abonnez-vous\/#primaryimage"},"image":{"@id":"https:\/\/www.exaltus.ca\/fr\/abonnez-vous\/#primaryimage"},"thumbnailUrl":"https:\/\/www.exaltus.ca\/wp-content\/uploads\/2018\/02\/TN-email-signup.png","datePublished":"2019-01-27T21:49:08+00:00","dateModified":"2019-03-07T02:33:14+00:00","breadcrumb":{"@id":"https:\/\/www.exaltus.ca\/fr\/abonnez-vous\/#breadcrumb"},"inLanguage":"fr","potentialAction":[{"@type":"ReadAction","target":["https:\/\/www.exaltus.ca\/fr\/abonnez-vous\/"]}]},{"@type":"ImageObject","inLanguage":"fr","@id":"https:\/\/www.exaltus.ca\/fr\/abonnez-vous\/#primaryimage","url":"https:\/\/www.exaltus.ca\/wp-content\/uploads\/2018\/02\/TN-email-signup.png","contentUrl":"https:\/\/www.exaltus.ca\/wp-content\/uploads\/2018\/02\/TN-email-signup.png","width":800,"height":600,"caption":"TN-email-signup"},{"@type":"BreadcrumbList","@id":"https:\/\/www.exaltus.ca\/fr\/abonnez-vous\/#breadcrumb","itemListElement":[{"@type":"ListItem","position":1,"name":"Home","item":"https:\/\/www.exaltus.ca\/fr\/histoires-visuelles\/"},{"@type":"ListItem","position":2,"name":"Abonnez-Vous"}]},{"@type":"WebSite","@id":"https:\/\/www.exaltus.ca\/#website","url":"https:\/\/www.exaltus.ca\/","name":"Exaltus","description":"Solutions for Growth","publisher":{"@id":"https:\/\/www.exaltus.ca\/#organization"},"potentialAction":[{"@type":"SearchAction","target":{"@type":"EntryPoint","urlTemplate":"https:\/\/www.exaltus.ca\/?s={search_term_string}"},"query-input":{"@type":"PropertyValueSpecification","valueRequired":true,"valueName":"search_term_string"}}],"inLanguage":"fr"},{"@type":"Organization","@id":"https:\/\/www.exaltus.ca\/#organization","name":"Exaltus","url":"https:\/\/www.exaltus.ca\/","logo":{"@type":"ImageObject","inLanguage":"fr","@id":"https:\/\/www.exaltus.ca\/#\/schema\/logo\/image\/","url":"https:\/\/www.exaltus.ca\/wp-content\/uploads\/2019\/02\/exaltuslogo-new_128.png","contentUrl":"https:\/\/www.exaltus.ca\/wp-content\/uploads\/2019\/02\/exaltuslogo-new_128.png","width":257,"height":129,"caption":"Exaltus"},"image":{"@id":"https:\/\/www.exaltus.ca\/#\/schema\/logo\/image\/"},"sameAs":["https:\/\/www.facebook.com\/Exaltus\/","https:\/\/x.com\/calalouf","https:\/\/www.linkedin.com\/in\/carolealalouf\/","https:\/\/www.pinterest.com\/exaltusca\/","https:\/\/www.youtube.com\/channel\/UCQdXjretJe4Phe3ApnSEK7Q"]}]}},"jetpack_sharing_enabled":true,"_links":{"self":[{"href":"https:\/\/www.exaltus.ca\/fr\/wp-json\/wp\/v2\/pages\/16667","targetHints":{"allow":["GET"]}}],"collection":[{"href":"https:\/\/www.exaltus.ca\/fr\/wp-json\/wp\/v2\/pages"}],"about":[{"href":"https:\/\/www.exaltus.ca\/fr\/wp-json\/wp\/v2\/types\/page"}],"author":[{"embeddable":true,"href":"https:\/\/www.exaltus.ca\/fr\/wp-json\/wp\/v2\/users\/1"}],"replies":[{"embeddable":true,"href":"https:\/\/www.exaltus.ca\/fr\/wp-json\/wp\/v2\/comments?post=16667"}],"version-history":[{"count":0,"href":"https:\/\/www.exaltus.ca\/fr\/wp-json\/wp\/v2\/pages\/16667\/revisions"}],"wp:featuredmedia":[{"embeddable":true,"href":"https:\/\/www.exaltus.ca\/fr\/wp-json\/wp\/v2\/media\/16671"}],"wp:attachment":[{"href":"https:\/\/www.exaltus.ca\/fr\/wp-json\/wp\/v2\/media?parent=16667"}],"curies":[{"name":"wp","href":"https:\/\/api.w.org\/{rel}","templated":true}]}}